{"id":545,"date":"2025-03-05T07:45:48","date_gmt":"2025-03-05T06:45:48","guid":{"rendered":"https:\/\/www.redoza.cz\/?page_id=545"},"modified":"2025-03-05T08:43:04","modified_gmt":"2025-03-05T07:43:04","slug":"smlouva","status":"publish","type":"page","link":"https:\/\/www.redoza.cz\/?page_id=545","title":{"rendered":""},"content":{"rendered":"<p><span style=\"color: #000000;\"><strong><u>D\u011bkujeme za poskytnut\u00ed bankovn\u00ed z\u00e1ruky za investi\u010dn\u00ed \u00fav\u011br s finan\u010dn\u00edm p\u0159\u00edsp\u011bvkem v Programu Z\u00e1ruka Elektromobilita.<\/u><\/strong><\/span><\/p>\n","protected":false},"excerpt":{"rendered":"<p>D\u011bkujeme za poskytnut\u00ed bankovn\u00ed z\u00e1ruky za investi\u010dn\u00ed \u00fav\u011br s finan\u010dn\u00edm p\u0159\u00edsp\u011bvkem v Programu Z\u00e1ruka Elektromobilita.<\/p>\n","protected":false},"author":1,"featured_media":554,"parent":0,"menu_order":0,"comment_status":"closed","ping_status":"closed","template":"","meta":[],"_links":{"self":[{"href":"https:\/\/www.redoza.cz\/index.php?rest_route=\/wp\/v2\/pages\/545"}],"collection":[{"href":"https:\/\/www.redoza.cz\/index.php?rest_route=\/wp\/v2\/pages"}],"about":[{"href":"https:\/\/www.redoza.cz\/index.php?rest_route=\/wp\/v2\/types\/page"}],"author":[{"embeddable":true,"href":"https:\/\/www.redoza.cz\/index.php?rest_route=\/wp\/v2\/users\/1"}],"replies":[{"embeddable":true,"href":"https:\/\/www.redoza.cz\/index.php?rest_route=%2Fwp%2Fv2%2Fcomments&post=545"}],"version-history":[{"count":7,"href":"https:\/\/www.redoza.cz\/index.php?rest_route=\/wp\/v2\/pages\/545\/revisions"}],"predecessor-version":[{"id":561,"href":"https:\/\/www.redoza.cz\/index.php?rest_route=\/wp\/v2\/pages\/545\/revisions\/561"}],"wp:featuredmedia":[{"embeddable":true,"href":"https:\/\/www.redoza.cz\/index.php?rest_route=\/wp\/v2\/media\/554"}],"wp:attachment":[{"href":"https:\/\/www.redoza.cz\/index.php?rest_route=%2Fwp%2Fv2%2Fmedia&parent=545"}],"curies":[{"name":"wp","href":"https:\/\/api.w.org\/{rel}","templated":true}]}}