{"id":122,"date":"2020-11-11T07:29:58","date_gmt":"2020-11-11T06:29:58","guid":{"rendered":"http:\/\/wp.redoza.cz\/?page_id=122"},"modified":"2024-02-22T20:35:55","modified_gmt":"2024-02-22T19:35:55","slug":"plyn","status":"publish","type":"page","link":"http:\/\/www.redoza.cz\/?page_id=122","title":{"rendered":""},"content":{"rendered":"<p><span style=\"color: #000000;\"><strong><u>Plynov\u00e1 za\u0159\u00edzen\u00ed: <\/u><\/strong>( Na\u0159\u00edzen\u00ed vl\u00e1dy \u010d.191\/2022)<\/span><\/p>\n<ul>\n<li style=\"text-align: left;\"><strong><span style=\"color: #000000;\">v\u00fdchoz\u00ed revize vyhrazen\u00fdch plynov\u00fdch za\u0159\u00edzen\u00ed<\/span><\/strong><\/li>\n<li style=\"text-align: left;\"><strong><span style=\"color: #000000;\">provozn\u00ed revize vyhrazen\u00fdch plynov\u00fdch za\u0159\u00edzen\u00ed<\/span><\/strong><\/li>\n<li style=\"text-align: left;\"><strong><span style=\"color: #000000;\">kontrola za\u0159\u00edzen\u00ed<\/span><\/strong><\/li>\n<li style=\"text-align: left;\"><strong><span style=\"color: #000000;\">\u0161kolen\u00ed odpov\u011bdn\u00fdch osob za vyhrazen\u00e1 plynov\u00e1 za\u0159\u00edzen\u00ed<\/span><\/strong><\/li>\n<li style=\"text-align: left;\"><strong><span style=\"color: #000000;\">\u0161kolen\u00ed obsluh plynov\u00fdch za\u0159\u00edzen\u00ed<\/span><\/strong><\/li>\n<\/ul>\n","protected":false},"excerpt":{"rendered":"<p>Plynov\u00e1 za\u0159\u00edzen\u00ed: ( Na\u0159\u00edzen\u00ed vl\u00e1dy \u010d.191\/2022) v\u00fdchoz\u00ed revize vyhrazen\u00fdch plynov\u00fdch za\u0159\u00edzen\u00ed provozn\u00ed revize vyhrazen\u00fdch plynov\u00fdch za\u0159\u00edzen\u00ed kontrola za\u0159\u00edzen\u00ed \u0161kolen\u00ed odpov\u011bdn\u00fdch osob za vyhrazen\u00e1 plynov\u00e1 za\u0159\u00edzen\u00ed \u0161kolen\u00ed obsluh plynov\u00fdch za\u0159\u00edzen\u00ed<\/p>\n","protected":false},"author":1,"featured_media":165,"parent":0,"menu_order":0,"comment_status":"closed","ping_status":"closed","template":"","meta":[],"_links":{"self":[{"href":"http:\/\/www.redoza.cz\/index.php?rest_route=\/wp\/v2\/pages\/122"}],"collection":[{"href":"http:\/\/www.redoza.cz\/index.php?rest_route=\/wp\/v2\/pages"}],"about":[{"href":"http:\/\/www.redoza.cz\/index.php?rest_route=\/wp\/v2\/types\/page"}],"author":[{"embeddable":true,"href":"http:\/\/www.redoza.cz\/index.php?rest_route=\/wp\/v2\/users\/1"}],"replies":[{"embeddable":true,"href":"http:\/\/www.redoza.cz\/index.php?rest_route=%2Fwp%2Fv2%2Fcomments&post=122"}],"version-history":[{"count":8,"href":"http:\/\/www.redoza.cz\/index.php?rest_route=\/wp\/v2\/pages\/122\/revisions"}],"predecessor-version":[{"id":539,"href":"http:\/\/www.redoza.cz\/index.php?rest_route=\/wp\/v2\/pages\/122\/revisions\/539"}],"wp:featuredmedia":[{"embeddable":true,"href":"http:\/\/www.redoza.cz\/index.php?rest_route=\/wp\/v2\/media\/165"}],"wp:attachment":[{"href":"http:\/\/www.redoza.cz\/index.php?rest_route=%2Fwp%2Fv2%2Fmedia&parent=122"}],"curies":[{"name":"wp","href":"https:\/\/api.w.org\/{rel}","templated":true}]}}