{"id":101,"date":"2020-11-10T14:38:37","date_gmt":"2020-11-10T13:38:37","guid":{"rendered":"http:\/\/wp.redoza.cz\/?page_id=101"},"modified":"2025-05-05T07:41:56","modified_gmt":"2025-05-05T06:41:56","slug":"kontakt","status":"publish","type":"page","link":"http:\/\/www.redoza.cz\/?page_id=101","title":{"rendered":""},"content":{"rendered":"<div class=\"wp-block-group\">\r\n<div class=\"wp-block-group__inner-container\">\u00a0<\/div>\r\n<\/div>\r\n\r\n<div class=\"wp-block-group\">\r\n<div class=\"wp-block-group__inner-container is-layout-flow\">\r\n<div class=\"wp-block-group\">\r\n<div class=\"wp-block-group__inner-container is-layout-flow\">\r\n<div class=\"wp-block-group\">\r\n<div class=\"wp-block-group__inner-container is-layout-flow\">\r\n<p class=\"has-text-align-center has-vivid-red-color has-text-color has-large-font-size\" style=\"text-align: center;\"><strong>Redoza s.r.o.<\/strong><\/p>\r\n\r\n\r\n\r\n<p class=\"has-text-align-center has-black-color has-text-color\" style=\"font-size: 18px; text-align: center;\"><strong>S\u00eddlo: Sokolov, Star\u00e9 n\u00e1m\u011bst\u00ed 27 <\/strong><\/p>\r\n\r\n\r\n\r\n<p class=\"has-text-align-center has-black-color has-text-color\" style=\"font-size: 18px; text-align: center;\"><strong>PS\u010c: 356 01<\/strong><\/p>\r\n\r\n\r\n\r\n<p class=\"has-text-align-center has-black-color has-text-color has-normal-font-size\" style=\"font-size: 18px; text-align: center;\"><strong>Telefon: +420733641040<\/strong><\/p>\r\n\r\n\r\n\r\n<p class=\"has-text-align-center has-black-color has-text-color has-normal-font-size\" style=\"font-size: 18px; text-align: center;\"><strong>\u00a0 \u00a0 \u00a0 \u00a0 \u00a0 \u00a0 \u00a0 \u00a0 +420775915997<\/strong><\/p>\r\n\r\n\r\n\r\n<p class=\"has-text-align-center has-black-color has-text-color has-normal-font-size\" style=\"font-size: 18px; text-align: center;\"><strong>email: redoza@centrum.cz<\/strong><\/p>\r\n\r\n\r\n\r\n<p class=\"has-text-align-center has-black-color has-text-color has-normal-font-size\" style=\"font-size: 18px; text-align: center;\"><strong>I\u010cO: 61168726<\/strong><\/p>\r\n\r\n\r\n\r\n<p class=\"has-text-align-center has-black-color has-text-color has-normal-font-size\" style=\"font-size: 18px; text-align: center;\"><strong>DI\u010c: CZ61168726<\/strong><\/p>\r\n\r\n\r\n\r\n<div class=\"wp-block-group\">\r\n<div class=\"wp-block-group__inner-container is-layout-flow\"><\/div>\r\n<\/div>\r\n<\/div>\r\n<\/div>\r\n<\/div>\r\n<\/div>\r\n<\/div>\r\n<\/div>\r\n\r\n<p style=\"text-align: center;\"><iframe loading=\"lazy\" style=\"text-align: center;\" src=\"https:\/\/frame.mapy.cz\/s\/rahutuzohu\" width=\"700&amp;height=466&amp;lang=cs\" height=\"466\" frameborder=\"0\"><\/iframe><\/p>\r\n\r\n<div class=\"wp-block-group\">\r\n<div class=\"wp-block-group__inner-container is-layout-flow\">\r\n<div class=\"wp-block-group is-layout-flow\">\r\n<div class=\"wp-block-group__inner-container\">\u00a0<\/div>\r\n<\/div>\r\n<\/div>\r\n<\/div>\r\n","protected":false},"excerpt":{"rendered":"<p>\u00a0 Redoza s.r.o. S\u00eddlo: Sokolov, Star\u00e9 n\u00e1m\u011bst\u00ed 27 PS\u010c: 356 01 Telefon: +420733641040 \u00a0 \u00a0 \u00a0 \u00a0 \u00a0 \u00a0 \u00a0 \u00a0 +420775915997 email: redoza@centrum.cz I\u010cO: 61168726 DI\u010c: CZ61168726 \u00a0<\/p>\n","protected":false},"author":1,"featured_media":153,"parent":0,"menu_order":0,"comment_status":"closed","ping_status":"closed","template":"","meta":[],"_links":{"self":[{"href":"http:\/\/www.redoza.cz\/index.php?rest_route=\/wp\/v2\/pages\/101"}],"collection":[{"href":"http:\/\/www.redoza.cz\/index.php?rest_route=\/wp\/v2\/pages"}],"about":[{"href":"http:\/\/www.redoza.cz\/index.php?rest_route=\/wp\/v2\/types\/page"}],"author":[{"embeddable":true,"href":"http:\/\/www.redoza.cz\/index.php?rest_route=\/wp\/v2\/users\/1"}],"replies":[{"embeddable":true,"href":"http:\/\/www.redoza.cz\/index.php?rest_route=%2Fwp%2Fv2%2Fcomments&post=101"}],"version-history":[{"count":40,"href":"http:\/\/www.redoza.cz\/index.php?rest_route=\/wp\/v2\/pages\/101\/revisions"}],"predecessor-version":[{"id":564,"href":"http:\/\/www.redoza.cz\/index.php?rest_route=\/wp\/v2\/pages\/101\/revisions\/564"}],"wp:featuredmedia":[{"embeddable":true,"href":"http:\/\/www.redoza.cz\/index.php?rest_route=\/wp\/v2\/media\/153"}],"wp:attachment":[{"href":"http:\/\/www.redoza.cz\/index.php?rest_route=%2Fwp%2Fv2%2Fmedia&parent=101"}],"curies":[{"name":"wp","href":"https:\/\/api.w.org\/{rel}","templated":true}]}}